{"id":1845,"date":"2022-03-07T07:46:43","date_gmt":"2022-03-07T13:46:43","guid":{"rendered":"https:\/\/maristamanati.org\/home\/?page_id=1845"},"modified":"2025-10-09T09:37:47","modified_gmt":"2025-10-09T15:37:47","slug":"superior","status":"publish","type":"page","link":"https:\/\/maristamanati.org\/home\/academica\/oferta-academica\/superior\/","title":{"rendered":"Superior"},"content":{"rendered":"\t\t<div data-elementor-type=\"wp-page\" data-elementor-id=\"1845\" class=\"elementor elementor-1845\" data-elementor-post-type=\"page\">\n\t\t\t\t\t\t<section class=\"elementor-section elementor-top-section elementor-element elementor-element-de6e01b elementor-section-full_width elementor-section-height-default elementor-section-height-default\" data-id=\"de6e01b\" data-element_type=\"section\" data-e-type=\"section\" data-settings=\"{&quot;background_background&quot;:&quot;classic&quot;}\">\n\t\t\t\t\t\t<div class=\"elementor-container elementor-column-gap-no\">\n\t\t\t\t\t<div class=\"elementor-column elementor-col-100 elementor-top-column elementor-element elementor-element-20aecf7\" data-id=\"20aecf7\" data-element_type=\"column\" data-e-type=\"column\">\n\t\t\t<div class=\"elementor-widget-wrap elementor-element-populated\">\n\t\t\t\t\t\t<section class=\"elementor-section elementor-inner-section elementor-element elementor-element-04b85df elementor-section-boxed elementor-section-height-default elementor-section-height-default elementor-invisible\" data-id=\"04b85df\" data-element_type=\"section\" data-e-type=\"section\" data-settings=\"{&quot;motion_fx_motion_fx_scrolling&quot;:&quot;yes&quot;,&quot;animation&quot;:&quot;slideInRight&quot;,&quot;motion_fx_devices&quot;:[&quot;desktop&quot;,&quot;tablet&quot;,&quot;mobile&quot;]}\">\n\t\t\t\t\t\t<div class=\"elementor-container elementor-column-gap-default\">\n\t\t\t\t\t<div class=\"elementor-column elementor-col-100 elementor-inner-column elementor-element elementor-element-a432ff0\" data-id=\"a432ff0\" data-element_type=\"column\" data-e-type=\"column\">\n\t\t\t<div class=\"elementor-widget-wrap elementor-element-populated\">\n\t\t\t\t\t\t<div class=\"elementor-element elementor-element-e922189 elementor-widget__width-initial elementor-widget-mobile__width-initial elementor-widget elementor-widget-image\" data-id=\"e922189\" data-element_type=\"widget\" data-e-type=\"widget\" data-widget_type=\"image.default\">\n\t\t\t\t<div class=\"elementor-widget-container\">\n\t\t\t\t\t\t\t\t\t\t\t\t\t\t\t<img decoding=\"async\" width=\"13\" height=\"40\" src=\"https:\/\/maristamanati.org\/home\/wp-content\/uploads\/2021\/08\/section.png\" class=\"attachment-full size-full wp-image-86\" alt=\"\" \/>\t\t\t\t\t\t\t\t\t\t\t\t\t\t\t<\/div>\n\t\t\t\t<\/div>\n\t\t\t\t<div class=\"elementor-element elementor-element-b0ad1ff elementor-widget__width-auto elementor-widget elementor-widget-heading\" data-id=\"b0ad1ff\" data-element_type=\"widget\" data-e-type=\"widget\" data-widget_type=\"heading.default\">\n\t\t\t\t<div class=\"elementor-widget-container\">\n\t\t\t\t\t<h2 class=\"elementor-heading-title elementor-size-default\">Superior <\/h2>\t\t\t\t<\/div>\n\t\t\t\t<\/div>\n\t\t\t\t\t<\/div>\n\t\t<\/div>\n\t\t\t\t\t<\/div>\n\t\t<\/section>\n\t\t\t\t\t<\/div>\n\t\t<\/div>\n\t\t\t\t\t<\/div>\n\t\t<\/section>\n\t\t\t\t<section class=\"elementor-section elementor-top-section elementor-element elementor-element-19c942e elementor-section-full_width elementor-section-height-default elementor-section-height-default\" data-id=\"19c942e\" data-element_type=\"section\" data-e-type=\"section\">\n\t\t\t\t\t\t<div class=\"elementor-container elementor-column-gap-no\">\n\t\t\t\t\t<div class=\"elementor-column elementor-col-100 elementor-top-column elementor-element elementor-element-5158cb7\" data-id=\"5158cb7\" data-element_type=\"column\" data-e-type=\"column\">\n\t\t\t<div class=\"elementor-widget-wrap elementor-element-populated\">\n\t\t\t\t\t\t<div class=\"elementor-element elementor-element-8bc2258 elementor-widget elementor-widget-image\" data-id=\"8bc2258\" data-element_type=\"widget\" data-e-type=\"widget\" data-widget_type=\"image.default\">\n\t\t\t\t<div class=\"elementor-widget-container\">\n\t\t\t\t\t\t\t\t\t\t\t\t\t\t\t<img fetchpriority=\"high\" decoding=\"async\" width=\"1985\" height=\"781\" src=\"https:\/\/maristamanati.org\/home\/wp-content\/uploads\/2024\/03\/ESCUELA-SUPERIOR-OFERTA-ACADEMICAm-gris-ofic.png\" class=\"attachment-full size-full wp-image-5725\" alt=\"\" \/>\t\t\t\t\t\t\t\t\t\t\t\t\t\t\t<\/div>\n\t\t\t\t<\/div>\n\t\t\t\t\t<\/div>\n\t\t<\/div>\n\t\t\t\t\t<\/div>\n\t\t<\/section>\n\t\t\t\t<section class=\"elementor-section elementor-top-section elementor-element elementor-element-2c0141d elementor-section-boxed elementor-section-height-default elementor-section-height-default\" data-id=\"2c0141d\" data-element_type=\"section\" data-e-type=\"section\">\n\t\t\t\t\t\t<div class=\"elementor-container elementor-column-gap-default\">\n\t\t\t\t\t<div class=\"elementor-column elementor-col-100 elementor-top-column elementor-element elementor-element-d6b50f8\" data-id=\"d6b50f8\" data-element_type=\"column\" data-e-type=\"column\">\n\t\t\t<div class=\"elementor-widget-wrap elementor-element-populated\">\n\t\t\t\t\t\t<div class=\"elementor-element elementor-element-848084f elementor-widget elementor-widget-text-editor\" data-id=\"848084f\" data-element_type=\"widget\" data-e-type=\"widget\" data-widget_type=\"text-editor.default\">\n\t\t\t\t<div class=\"elementor-widget-container\">\n\t\t\t\t\t\t\t\t\t<div class=\"page\" title=\"Page 42\"><div class=\"layoutArea\"><div class=\"column\"><p><span style=\"color: #00ccff;\"><strong>SUPERIOR<\/strong><\/span><\/p><p>Al te\u0301rmino de su Cuarto An\u0303o de la Escuela Superior, todo alumno, para poder graduarse, debera\u0301 haber completado las siguientes asignaturas planteadas en el curri\u0301culo base del Colegio.<\/p><\/div><\/div><\/div>\t\t\t\t\t\t\t\t<\/div>\n\t\t\t\t<\/div>\n\t\t\t\t\t<\/div>\n\t\t<\/div>\n\t\t\t\t\t<\/div>\n\t\t<\/section>\n\t\t\t\t<section class=\"elementor-section elementor-top-section elementor-element elementor-element-ed732de elementor-section-boxed elementor-section-height-default elementor-section-height-default\" data-id=\"ed732de\" data-element_type=\"section\" data-e-type=\"section\">\n\t\t\t\t\t\t<div class=\"elementor-container elementor-column-gap-default\">\n\t\t\t\t\t<div class=\"elementor-column elementor-col-100 elementor-top-column elementor-element elementor-element-3f41a1d\" data-id=\"3f41a1d\" data-element_type=\"column\" data-e-type=\"column\">\n\t\t\t<div class=\"elementor-widget-wrap elementor-element-populated\">\n\t\t\t\t\t\t<div class=\"elementor-element elementor-element-e8ce4e9 elementor-tabs-view-horizontal elementor-widget elementor-widget-tabs\" data-id=\"e8ce4e9\" data-element_type=\"widget\" data-e-type=\"widget\" data-widget_type=\"tabs.default\">\n\t\t\t\t<div class=\"elementor-widget-container\">\n\t\t\t\t\t\t\t<div class=\"elementor-tabs\">\n\t\t\t<div class=\"elementor-tabs-wrapper\" role=\"tablist\" >\n\t\t\t\t\t\t\t\t\t<div id=\"elementor-tab-title-2441\" class=\"elementor-tab-title elementor-tab-desktop-title\" aria-selected=\"true\" data-tab=\"1\" role=\"tab\" tabindex=\"0\" aria-controls=\"elementor-tab-content-2441\" aria-expanded=\"false\">Noveno<\/div>\n\t\t\t\t\t\t\t\t\t<div id=\"elementor-tab-title-2442\" class=\"elementor-tab-title elementor-tab-desktop-title\" aria-selected=\"false\" data-tab=\"2\" role=\"tab\" tabindex=\"-1\" aria-controls=\"elementor-tab-content-2442\" aria-expanded=\"false\">D\u00e9cimo<\/div>\n\t\t\t\t\t\t\t\t\t<div id=\"elementor-tab-title-2443\" class=\"elementor-tab-title elementor-tab-desktop-title\" aria-selected=\"false\" data-tab=\"3\" role=\"tab\" tabindex=\"-1\" aria-controls=\"elementor-tab-content-2443\" aria-expanded=\"false\">Und\u00e9cimo<\/div>\n\t\t\t\t\t\t\t\t\t<div id=\"elementor-tab-title-2444\" class=\"elementor-tab-title elementor-tab-desktop-title\" aria-selected=\"false\" data-tab=\"4\" role=\"tab\" tabindex=\"-1\" aria-controls=\"elementor-tab-content-2444\" aria-expanded=\"false\">Duod\u00e9cimo<\/div>\n\t\t\t\t\t\t\t<\/div>\n\t\t\t<div class=\"elementor-tabs-content-wrapper\" role=\"tablist\" aria-orientation=\"vertical\">\n\t\t\t\t\t\t\t\t\t<div class=\"elementor-tab-title elementor-tab-mobile-title\" aria-selected=\"true\" data-tab=\"1\" role=\"tab\" tabindex=\"0\" aria-controls=\"elementor-tab-content-2441\" aria-expanded=\"false\">Noveno<\/div>\n\t\t\t\t\t<div id=\"elementor-tab-content-2441\" class=\"elementor-tab-content elementor-clearfix\" data-tab=\"1\" role=\"tabpanel\" aria-labelledby=\"elementor-tab-title-2441\" tabindex=\"0\" hidden=\"false\"><ul><li>Ingl\u00e9s AV<\/li><li>Espa\u00f1ol AV<\/li><li>Geometr\u00eda<\/li><li>Historia Universal<\/li><li>Biolog\u00eda I<\/li><li>\u00c9tica<\/li><li>Computaci\u00f3n<\/li><li>Educaci\u00f3n F\u00edsica<\/li><li>Salud<\/li><\/ul><div>\u00a0<\/div><div><span style=\"color: #00ccff;\"><strong>Electivas<\/strong><\/span><\/div><ul><li>Ciencias Terrestre<\/li><li>Lenguaje de Se\u00f1as<\/li><li>Arte Experimental \u00a0<\/li><li>Multimedia I y II\u00a0<\/li><li>Computaci\u00f3n<\/li><li>Franc\u00e9s<\/li><\/ul><div>\u00a0<\/div><\/div>\n\t\t\t\t\t\t\t\t\t<div class=\"elementor-tab-title elementor-tab-mobile-title\" aria-selected=\"false\" data-tab=\"2\" role=\"tab\" tabindex=\"-1\" aria-controls=\"elementor-tab-content-2442\" aria-expanded=\"false\">D\u00e9cimo<\/div>\n\t\t\t\t\t<div id=\"elementor-tab-content-2442\" class=\"elementor-tab-content elementor-clearfix\" data-tab=\"2\" role=\"tabpanel\" aria-labelledby=\"elementor-tab-title-2442\" tabindex=\"0\" hidden=\"hidden\"><p>\u00a0 \u00a0 \u00a0\u2022Ingl\u00e9s AV<br \/>\u00a0 \u00a0 \u00a0\u2022Espa\u00f1ol AV<br \/>\u00a0 \u00a0 \u00a0\u2022\u00c1lgebra II<br \/>\u00a0 \u00a0 \u00a0\u2022Historia de Puerto Rico<br \/>\u00a0 \u00a0 \u00a0\u2022Biolog\u00eda II AV<br \/>\u00a0 \u00a0 \u00a0\u2022\u00c9tica<br \/>\u00a0 \u00a0 \u00a0\u2022Computaci\u00f3n<br \/>\u00a0 \u00a0 \u00a0\u2022Educaci\u00f3n F\u00edsica<\/p><p><span style=\"color: #00ccff;\"><strong>Electivas<\/strong><\/span><\/p><ul><li>Ciencias Terrestres II<\/li><li>Lengua de Se\u00f1as II<\/li><li>Arte Experimental II<\/li><li>Baile I<\/li><li>Computaci\u00f3n\u00a0<\/li><li>Dise\u00f1o Gr\u00e1fico<\/li><li>Teatro<\/li><\/ul><\/div>\n\t\t\t\t\t\t\t\t\t<div class=\"elementor-tab-title elementor-tab-mobile-title\" aria-selected=\"false\" data-tab=\"3\" role=\"tab\" tabindex=\"-1\" aria-controls=\"elementor-tab-content-2443\" aria-expanded=\"false\">Und\u00e9cimo<\/div>\n\t\t\t\t\t<div id=\"elementor-tab-content-2443\" class=\"elementor-tab-content elementor-clearfix\" data-tab=\"3\" role=\"tabpanel\" aria-labelledby=\"elementor-tab-title-2443\" tabindex=\"0\" hidden=\"hidden\"><p>\u2022Matem\u00e1tica General Universitaria&nbsp;<\/p><p>\u2022Ingl\u00e9s AV<\/p><p>\u2022Espa\u00f1ol AV<\/p><p>\u2022Prec\u00e1lculo AV \/ MGU AV<\/p><p>\u2022Historia de EEUU<\/p>\n<p>\u2022Qu\u00edmica<\/p><p>\u2022\u00c9tica<\/p><p>\u2022Computaci\u00f3n<\/p><p>\u2022Educaci\u00f3n F\u00edsica<\/p><p>\u2022Paternidad\/Maternidad<\/p>\n<p><strong><span style=\"color: #00ccff;\">Electivas<\/span><\/strong><\/p>\n<p>\u2022Baile II<\/p>\n<p>\u2022Liderazgo<\/p>\n<p>\u2022Reposter\u00eda<\/p>\n<p>\u2022Multimedia I y II<\/p>\n<p>\u2022Computaci\u00f3n&nbsp;<\/p>\n<p>\u2022Franc\u00e9s&nbsp;<\/p><\/div>\n\t\t\t\t\t\t\t\t\t<div class=\"elementor-tab-title elementor-tab-mobile-title\" aria-selected=\"false\" data-tab=\"4\" role=\"tab\" tabindex=\"-1\" aria-controls=\"elementor-tab-content-2444\" aria-expanded=\"false\">Duod\u00e9cimo<\/div>\n\t\t\t\t\t<div id=\"elementor-tab-content-2444\" class=\"elementor-tab-content elementor-clearfix\" data-tab=\"4\" role=\"tabpanel\" aria-labelledby=\"elementor-tab-title-2444\" tabindex=\"0\" hidden=\"hidden\"><div>\u2022Ingl\u00e9s AV \/ Ingl\u00e9s AP<\/div><div>\u2022Espa\u00f1ol AV \/ Espa\u00f1ol AP<\/div><div>\u2022Estad\u00edstica \/ C\u00e1lculo AP<\/div><div>\u2022Sociolog\u00eda<\/div><div>\u2022Historia USA AP<\/div><div>\u2022F\u00edsica<\/div><div><span style=\"color: #00ccff;\"><strong>Electivas<\/strong><\/span><\/div><div class=\"O2\">\u00a0 \u00a0\u2022Escritura Creativa<\/div><div>\u00a0 \u00a0\u2022Mercadeo y Publicidad<\/div><div class=\"O2\">\u00a0 \u00a0\u2022Vida Universitaria\u00a0<\/div><div class=\"O2\">\u00a0 \u00a0\u2022Destreza de Vida\u00a0<\/div><div class=\"O2\">\u00a0 \u00a0<\/div><\/div>\n\t\t\t\t\t\t\t<\/div>\n\t\t<\/div>\n\t\t\t\t\t\t<\/div>\n\t\t\t\t<\/div>\n\t\t\t\t\t<\/div>\n\t\t<\/div>\n\t\t\t\t\t<\/div>\n\t\t<\/section>\n\t\t\t\t<\/div>\n\t\t","protected":false},"excerpt":{"rendered":"<p>Superior SUPERIOR Al te\u0301rmino de su Cuarto An\u0303o de la Escuela Superior, todo alumno, para poder graduarse, debera\u0301 haber completado las siguientes asignaturas planteadas en el curri\u0301culo base del Colegio. Noveno D\u00e9cimo Und\u00e9cimo Duod\u00e9cimo Noveno Ingl\u00e9s AV Espa\u00f1ol AV Geometr\u00eda Historia Universal Biolog\u00eda I \u00c9tica Computaci\u00f3n Educaci\u00f3n F\u00edsica Salud \u00a0Electivas Ciencias Terrestre Lenguaje de Se\u00f1as [&hellip;]<\/p>\n","protected":false},"author":4,"featured_media":0,"parent":1824,"menu_order":4,"comment_status":"closed","ping_status":"closed","template":"elementor_header_footer","meta":{"_monsterinsights_skip_tracking":false,"_monsterinsights_sitenote_active":false,"_monsterinsights_sitenote_note":"","_monsterinsights_sitenote_category":0,"footnotes":""},"class_list":["post-1845","page","type-page","status-publish","hentry"],"_links":{"self":[{"href":"https:\/\/maristamanati.org\/home\/wp-json\/wp\/v2\/pages\/1845","targetHints":{"allow":["GET"]}}],"collection":[{"href":"https:\/\/maristamanati.org\/home\/wp-json\/wp\/v2\/pages"}],"about":[{"href":"https:\/\/maristamanati.org\/home\/wp-json\/wp\/v2\/types\/page"}],"author":[{"embeddable":true,"href":"https:\/\/maristamanati.org\/home\/wp-json\/wp\/v2\/users\/4"}],"replies":[{"embeddable":true,"href":"https:\/\/maristamanati.org\/home\/wp-json\/wp\/v2\/comments?post=1845"}],"version-history":[{"count":47,"href":"https:\/\/maristamanati.org\/home\/wp-json\/wp\/v2\/pages\/1845\/revisions"}],"predecessor-version":[{"id":6689,"href":"https:\/\/maristamanati.org\/home\/wp-json\/wp\/v2\/pages\/1845\/revisions\/6689"}],"up":[{"embeddable":true,"href":"https:\/\/maristamanati.org\/home\/wp-json\/wp\/v2\/pages\/1824"}],"wp:attachment":[{"href":"https:\/\/maristamanati.org\/home\/wp-json\/wp\/v2\/media?parent=1845"}],"curies":[{"name":"wp","href":"https:\/\/api.w.org\/{rel}","templated":true}]}}