{"id":1851,"date":"2022-03-07T07:47:52","date_gmt":"2022-03-07T13:47:52","guid":{"rendered":"https:\/\/maristamanati.org\/home\/?page_id=1851"},"modified":"2022-09-12T11:58:31","modified_gmt":"2022-09-12T17:58:31","slug":"departamento-de-consejeria","status":"publish","type":"page","link":"https:\/\/maristamanati.org\/home\/academica\/oferta-academica\/departamento-de-consejeria\/","title":{"rendered":"Departamento de Consejer\u00eda"},"content":{"rendered":"\t\t<div data-elementor-type=\"wp-page\" data-elementor-id=\"1851\" class=\"elementor elementor-1851\" data-elementor-post-type=\"page\">\n\t\t\t\t\t\t<section class=\"elementor-section elementor-top-section elementor-element elementor-element-de6e01b elementor-section-full_width elementor-section-height-default elementor-section-height-default\" data-id=\"de6e01b\" data-element_type=\"section\" data-e-type=\"section\" data-settings=\"{&quot;background_background&quot;:&quot;classic&quot;}\">\n\t\t\t\t\t\t<div class=\"elementor-container elementor-column-gap-no\">\n\t\t\t\t\t<div class=\"elementor-column elementor-col-100 elementor-top-column elementor-element elementor-element-20aecf7\" data-id=\"20aecf7\" data-element_type=\"column\" data-e-type=\"column\">\n\t\t\t<div class=\"elementor-widget-wrap elementor-element-populated\">\n\t\t\t\t\t\t<section class=\"elementor-section elementor-inner-section elementor-element elementor-element-04b85df elementor-section-boxed elementor-section-height-default elementor-section-height-default elementor-invisible\" data-id=\"04b85df\" data-element_type=\"section\" data-e-type=\"section\" data-settings=\"{&quot;motion_fx_motion_fx_scrolling&quot;:&quot;yes&quot;,&quot;animation&quot;:&quot;slideInRight&quot;,&quot;motion_fx_devices&quot;:[&quot;desktop&quot;,&quot;tablet&quot;,&quot;mobile&quot;]}\">\n\t\t\t\t\t\t<div class=\"elementor-container elementor-column-gap-default\">\n\t\t\t\t\t<div class=\"elementor-column elementor-col-100 elementor-inner-column elementor-element elementor-element-a432ff0\" data-id=\"a432ff0\" data-element_type=\"column\" data-e-type=\"column\">\n\t\t\t<div class=\"elementor-widget-wrap elementor-element-populated\">\n\t\t\t\t\t\t<div class=\"elementor-element elementor-element-e922189 elementor-widget__width-initial elementor-widget-mobile__width-initial elementor-widget elementor-widget-image\" data-id=\"e922189\" data-element_type=\"widget\" data-e-type=\"widget\" data-widget_type=\"image.default\">\n\t\t\t\t<div class=\"elementor-widget-container\">\n\t\t\t\t\t\t\t\t\t\t\t\t\t\t\t<img decoding=\"async\" width=\"13\" height=\"40\" src=\"https:\/\/maristamanati.org\/home\/wp-content\/uploads\/2021\/08\/section.png\" class=\"attachment-full size-full wp-image-86\" alt=\"\" \/>\t\t\t\t\t\t\t\t\t\t\t\t\t\t\t<\/div>\n\t\t\t\t<\/div>\n\t\t\t\t<div class=\"elementor-element elementor-element-b0ad1ff elementor-widget__width-auto elementor-widget elementor-widget-heading\" data-id=\"b0ad1ff\" data-element_type=\"widget\" data-e-type=\"widget\" data-widget_type=\"heading.default\">\n\t\t\t\t<div class=\"elementor-widget-container\">\n\t\t\t\t\t<h2 class=\"elementor-heading-title elementor-size-default\">DEPARTAMENTO DE CONSEJER\u00cdA<\/h2>\t\t\t\t<\/div>\n\t\t\t\t<\/div>\n\t\t\t\t\t<\/div>\n\t\t<\/div>\n\t\t\t\t\t<\/div>\n\t\t<\/section>\n\t\t\t\t\t<\/div>\n\t\t<\/div>\n\t\t\t\t\t<\/div>\n\t\t<\/section>\n\t\t\t\t<section class=\"elementor-section elementor-top-section elementor-element elementor-element-19c942e elementor-section-full_width elementor-section-height-default elementor-section-height-default\" data-id=\"19c942e\" data-element_type=\"section\" data-e-type=\"section\">\n\t\t\t\t\t\t<div class=\"elementor-container elementor-column-gap-no\">\n\t\t\t\t\t<div class=\"elementor-column elementor-col-100 elementor-top-column elementor-element elementor-element-5158cb7\" data-id=\"5158cb7\" data-element_type=\"column\" data-e-type=\"column\">\n\t\t\t<div class=\"elementor-widget-wrap elementor-element-populated\">\n\t\t\t\t\t\t<div class=\"elementor-element elementor-element-8bc2258 elementor-widget elementor-widget-image\" data-id=\"8bc2258\" data-element_type=\"widget\" data-e-type=\"widget\" data-widget_type=\"image.default\">\n\t\t\t\t<div class=\"elementor-widget-container\">\n\t\t\t\t\t\t\t\t\t\t\t\t\t\t\t<img fetchpriority=\"high\" decoding=\"async\" width=\"1985\" height=\"781\" src=\"https:\/\/maristamanati.org\/home\/wp-content\/uploads\/2022\/09\/CONSEJERIA-2-low.jpg\" class=\"attachment-full size-full wp-image-4177\" alt=\"\" \/>\t\t\t\t\t\t\t\t\t\t\t\t\t\t\t<\/div>\n\t\t\t\t<\/div>\n\t\t\t\t\t<\/div>\n\t\t<\/div>\n\t\t\t\t\t<\/div>\n\t\t<\/section>\n\t\t\t\t<section class=\"elementor-section elementor-top-section elementor-element elementor-element-2c0141d elementor-section-boxed elementor-section-height-default elementor-section-height-default\" data-id=\"2c0141d\" data-element_type=\"section\" data-e-type=\"section\">\n\t\t\t\t\t\t<div class=\"elementor-container elementor-column-gap-default\">\n\t\t\t\t\t<div class=\"elementor-column elementor-col-100 elementor-top-column elementor-element elementor-element-d6b50f8\" data-id=\"d6b50f8\" data-element_type=\"column\" data-e-type=\"column\">\n\t\t\t<div class=\"elementor-widget-wrap elementor-element-populated\">\n\t\t\t\t\t\t<div class=\"elementor-element elementor-element-848084f elementor-widget elementor-widget-text-editor\" data-id=\"848084f\" data-element_type=\"widget\" data-e-type=\"widget\" data-widget_type=\"text-editor.default\">\n\t\t\t\t<div class=\"elementor-widget-container\">\n\t\t\t\t\t\t\t\t\t<p>El Departamento de Consejer\u00eda cuenta con los servicios de dos Consejeras Escolares. Tiene como objetivo ayudar a los estudiantes en su desarrollo personal, socioemocional, acad\u00e9mico y vocacional. Todos los estudiantes desde Pre-prek\u00ednder hasta Duod\u00e9cimo grado, tienen derecho a participar de los servicios del programa de Consejer\u00eda, esto como parte de su formaci\u00f3n y desarrollo integral. De igual manera, el personal de Consejer\u00eda podr\u00e1 intervenir sin previa autorizaci\u00f3n de los padres, con los estudiantes, cuando lo entienda pertinente, siempre salvaguardando la seguridad y bienestar del estudiante.<\/p><ul><li><b>Componente personal y socioemocional<\/b>: Se le provee ayuda al estudiante para que pueda superar las dificultades que presenta y que interfieren en su aprovechamiento acad\u00e9mico. En este proceso se integra la red de apoyo de estudiantes, padres, maestros y Direcci\u00f3n.<\/li><li><b>Componente acad\u00e9mico<\/b>: Ayuda para desarrollar h\u00e1bitos de estudio. Har\u00e1 referidos a evaluaciones psicoeducativas y\/o psicom\u00e9tricas en caso de ser necesario y trabajo con las recomendaciones en coordinaci\u00f3n con el equipo de maestros. Es importante que todos los procedimientos se canalicen a trav\u00e9s de esta oficina para garantizar su coordinaci\u00f3n y la confidencialidad que implica toda evaluaci\u00f3n.<\/li><li><b>Componente vocacional<\/b>: Pruebas de intereses vocacionales a estudiantes de Escuela Superior con el prop\u00f3sito de que identifique sus habilidades e intereses. Se le provee informaci\u00f3n sobre los ofrecimientos acad\u00e9micos de las Universidades en Puerto Rico y en los Estados Unidos, as\u00ed como las ocupaciones de mayor demanda.<\/li><\/ul><p>El Colegio es de corriente regular por lo que no ofrece programas para estudiantes con dificultades severas en el aprendizaje que le impida alcanzar los est\u00e1ndares que se exigen. Se brinda ayuda a estudiantes capacitados para alcanzar los est\u00e1ndares exigidos por la Instituci\u00f3n, pero que necesitan alg\u00fan tipo de refuerzo, de car\u00e1cter transitorio.<\/p><p>Entre los recursos que utiliza el Departamento de Consejer\u00eda se encuentran:<\/p><ul><li>Entrevistas y ayuda personal a estudiantes, padres y maestros.<\/li><li>Referidos a evaluaciones psicom\u00e9tricas, psicoeducativas y otras.<\/li><li>Pruebas estandarizadas e informales en el \u00e1rea de lecto-escritura y matem\u00e1ticas.<\/li><li>Pruebas de \u201cLearn Aid\u201d.<\/li><li>Pruebas \u201cPiense\u201d II.<\/li><li>Pruebas Pre-SAT (11mo).<\/li><li>Prueba de nivel avanzado (PNA).<\/li><li>Pruebas AP.<\/li><li>Pruebas de admisi\u00f3n universitaria (SAT, TOEFL, ACT, PAA)<\/li><\/ul>\t\t\t\t\t\t\t\t<\/div>\n\t\t\t\t<\/div>\n\t\t\t\t\t<\/div>\n\t\t<\/div>\n\t\t\t\t\t<\/div>\n\t\t<\/section>\n\t\t\t\t<\/div>\n\t\t","protected":false},"excerpt":{"rendered":"<p>DEPARTAMENTO DE CONSEJER\u00cdA El Departamento de Consejer\u00eda cuenta con los servicios de dos Consejeras Escolares. Tiene como objetivo ayudar a los estudiantes en su desarrollo personal, socioemocional, acad\u00e9mico y vocacional. Todos los estudiantes desde Pre-prek\u00ednder hasta Duod\u00e9cimo grado, tienen derecho a participar de los servicios del programa de Consejer\u00eda, esto como parte de su formaci\u00f3n [&hellip;]<\/p>\n","protected":false},"author":4,"featured_media":0,"parent":1824,"menu_order":7,"comment_status":"closed","ping_status":"closed","template":"elementor_header_footer","meta":{"_monsterinsights_skip_tracking":false,"_monsterinsights_sitenote_active":false,"_monsterinsights_sitenote_note":"","_monsterinsights_sitenote_category":0,"footnotes":""},"class_list":["post-1851","page","type-page","status-publish","hentry"],"_links":{"self":[{"href":"https:\/\/maristamanati.org\/home\/wp-json\/wp\/v2\/pages\/1851","targetHints":{"allow":["GET"]}}],"collection":[{"href":"https:\/\/maristamanati.org\/home\/wp-json\/wp\/v2\/pages"}],"about":[{"href":"https:\/\/maristamanati.org\/home\/wp-json\/wp\/v2\/types\/page"}],"author":[{"embeddable":true,"href":"https:\/\/maristamanati.org\/home\/wp-json\/wp\/v2\/users\/4"}],"replies":[{"embeddable":true,"href":"https:\/\/maristamanati.org\/home\/wp-json\/wp\/v2\/comments?post=1851"}],"version-history":[{"count":44,"href":"https:\/\/maristamanati.org\/home\/wp-json\/wp\/v2\/pages\/1851\/revisions"}],"predecessor-version":[{"id":4284,"href":"https:\/\/maristamanati.org\/home\/wp-json\/wp\/v2\/pages\/1851\/revisions\/4284"}],"up":[{"embeddable":true,"href":"https:\/\/maristamanati.org\/home\/wp-json\/wp\/v2\/pages\/1824"}],"wp:attachment":[{"href":"https:\/\/maristamanati.org\/home\/wp-json\/wp\/v2\/media?parent=1851"}],"curies":[{"name":"wp","href":"https:\/\/api.w.org\/{rel}","templated":true}]}}