{"id":4665,"date":"2022-11-15T09:31:18","date_gmt":"2022-11-15T15:31:18","guid":{"rendered":"https:\/\/maristamanati.org\/home\/?page_id=4665"},"modified":"2025-06-23T06:03:17","modified_gmt":"2025-06-23T12:03:17","slug":"lema-del-ano","status":"publish","type":"page","link":"https:\/\/maristamanati.org\/home\/pastoral\/lema-del-ano\/","title":{"rendered":"Lema del a\u00f1o"},"content":{"rendered":"\t\t<div data-elementor-type=\"wp-page\" data-elementor-id=\"4665\" class=\"elementor elementor-4665\" data-elementor-post-type=\"page\">\n\t\t\t\t\t\t<section class=\"elementor-section elementor-top-section elementor-element elementor-element-de6e01b elementor-section-full_width elementor-section-height-default elementor-section-height-default\" data-id=\"de6e01b\" data-element_type=\"section\" data-e-type=\"section\" data-settings=\"{&quot;background_background&quot;:&quot;classic&quot;}\">\n\t\t\t\t\t\t<div class=\"elementor-container elementor-column-gap-no\">\n\t\t\t\t\t<div class=\"elementor-column elementor-col-100 elementor-top-column elementor-element elementor-element-20aecf7\" data-id=\"20aecf7\" data-element_type=\"column\" data-e-type=\"column\">\n\t\t\t<div class=\"elementor-widget-wrap elementor-element-populated\">\n\t\t\t\t\t\t<section class=\"elementor-section elementor-inner-section elementor-element elementor-element-04b85df elementor-section-boxed elementor-section-height-default elementor-section-height-default elementor-invisible\" data-id=\"04b85df\" data-element_type=\"section\" data-e-type=\"section\" data-settings=\"{&quot;motion_fx_motion_fx_scrolling&quot;:&quot;yes&quot;,&quot;animation&quot;:&quot;slideInRight&quot;,&quot;motion_fx_devices&quot;:[&quot;desktop&quot;,&quot;tablet&quot;,&quot;mobile&quot;]}\">\n\t\t\t\t\t\t<div class=\"elementor-container elementor-column-gap-default\">\n\t\t\t\t\t<div class=\"elementor-column elementor-col-100 elementor-inner-column elementor-element elementor-element-a432ff0\" data-id=\"a432ff0\" data-element_type=\"column\" data-e-type=\"column\">\n\t\t\t<div class=\"elementor-widget-wrap elementor-element-populated\">\n\t\t\t\t\t\t<div class=\"elementor-element elementor-element-e922189 elementor-widget__width-initial elementor-widget-mobile__width-initial elementor-widget elementor-widget-image\" data-id=\"e922189\" data-element_type=\"widget\" data-e-type=\"widget\" data-widget_type=\"image.default\">\n\t\t\t\t<div class=\"elementor-widget-container\">\n\t\t\t\t\t\t\t\t\t\t\t\t\t\t\t<img decoding=\"async\" width=\"13\" height=\"40\" src=\"https:\/\/maristamanati.org\/home\/wp-content\/uploads\/2021\/08\/section.png\" class=\"attachment-full size-full wp-image-86\" alt=\"\" \/>\t\t\t\t\t\t\t\t\t\t\t\t\t\t\t<\/div>\n\t\t\t\t<\/div>\n\t\t\t\t<div class=\"elementor-element elementor-element-b0ad1ff elementor-widget__width-auto elementor-widget elementor-widget-heading\" data-id=\"b0ad1ff\" data-element_type=\"widget\" data-e-type=\"widget\" data-widget_type=\"heading.default\">\n\t\t\t\t<div class=\"elementor-widget-container\">\n\t\t\t\t\t<h2 class=\"elementor-heading-title elementor-size-default\">Lema del a\u00f1o<\/h2>\t\t\t\t<\/div>\n\t\t\t\t<\/div>\n\t\t\t\t\t<\/div>\n\t\t<\/div>\n\t\t\t\t\t<\/div>\n\t\t<\/section>\n\t\t\t\t\t<\/div>\n\t\t<\/div>\n\t\t\t\t\t<\/div>\n\t\t<\/section>\n\t\t\t\t<section class=\"elementor-section elementor-top-section elementor-element elementor-element-19c942e elementor-section-full_width elementor-section-height-default elementor-section-height-default\" data-id=\"19c942e\" data-element_type=\"section\" data-e-type=\"section\">\n\t\t\t\t\t\t<div class=\"elementor-container elementor-column-gap-no\">\n\t\t\t\t\t<div class=\"elementor-column elementor-col-100 elementor-top-column elementor-element elementor-element-5158cb7\" data-id=\"5158cb7\" data-element_type=\"column\" data-e-type=\"column\">\n\t\t\t<div class=\"elementor-widget-wrap elementor-element-populated\">\n\t\t\t\t\t\t<div class=\"elementor-element elementor-element-8bc2258 elementor-widget elementor-widget-image\" data-id=\"8bc2258\" data-element_type=\"widget\" data-e-type=\"widget\" data-widget_type=\"image.default\">\n\t\t\t\t<div class=\"elementor-widget-container\">\n\t\t\t\t\t\t\t\t\t\t\t\t\t\t\t<img fetchpriority=\"high\" decoding=\"async\" width=\"1979\" height=\"789\" src=\"https:\/\/maristamanati.org\/home\/wp-content\/uploads\/2025\/06\/COVER-WEB-copia.png\" class=\"attachment-full size-full wp-image-6536\" alt=\"\" \/>\t\t\t\t\t\t\t\t\t\t\t\t\t\t\t<\/div>\n\t\t\t\t<\/div>\n\t\t\t\t\t<\/div>\n\t\t<\/div>\n\t\t\t\t\t<\/div>\n\t\t<\/section>\n\t\t\t\t<section class=\"elementor-section elementor-top-section elementor-element elementor-element-2c0141d elementor-section-boxed elementor-section-height-default elementor-section-height-default\" data-id=\"2c0141d\" data-element_type=\"section\" data-e-type=\"section\">\n\t\t\t\t\t\t<div class=\"elementor-container elementor-column-gap-default\">\n\t\t\t\t\t<div class=\"elementor-column elementor-col-100 elementor-top-column elementor-element elementor-element-d6b50f8\" data-id=\"d6b50f8\" data-element_type=\"column\" data-e-type=\"column\">\n\t\t\t<div class=\"elementor-widget-wrap elementor-element-populated\">\n\t\t\t\t\t\t<div class=\"elementor-element elementor-element-848084f elementor-widget elementor-widget-text-editor\" data-id=\"848084f\" data-element_type=\"widget\" data-e-type=\"widget\" data-widget_type=\"text-editor.default\">\n\t\t\t\t<div class=\"elementor-widget-container\">\n\t\t\t\t\t\t\t\t\t<h2><span style=\"color: #00ccff;\">Mirando m\u00e1s all\u00e1<\/span><\/h2><p class=\"p1\">Comenzamos este nuevo a\u00f1o escolar con la mirada elevada y el coraz\u00f3n dispuesto, guiados por el lema que nos inspira en este curso: <b>\u201cMirando m\u00e1s all\u00e1\u201d<\/b>. En el Colegio Marista \u201cEl Salvador\u201d de Manat\u00ed, nos unimos a toda la familia marista en el mundo para vivir este tiempo como una oportunidad de renovaci\u00f3n, de compromiso y de esperanza activa.<\/p><p class=\"p1\">Este a\u00f1o, el Instituto Marista celebra un momento de gracia: el <b>XXIII Cap\u00edtulo <\/b><b>General<\/b>, que tendr\u00e1 lugar en Filipinas del 8 de septiembre al 8 de octubre, y que encomendamos a su oraci\u00f3n. Este evento global nos invita a so\u00f1ar juntos el futuro del carisma marista, a discernir nuevos caminos y a responder con creatividad a los desaf\u00edos de nuestro tiempo. En sinton\u00eda con este esp\u00edritu, nuestra comunidad educativa se compromete a mirar m\u00e1s all\u00e1 de lo inmediato, de lo c\u00f3modo, de lo conocido, para abrirnos a lo que Dios quiere seguir haciendo en nosotros y a trav\u00e9s de nosotros.<\/p><p class=\"p1\">El Papa Francisco inaugur\u00f3 el pasado diciembre un a\u00f1o de jubileo, que se extiende hasta enero de 2026. En sinton\u00eda con este <b>Jubileo de la Esperanza<\/b>, queremos vivir este a\u00f1o escolar como un tiempo de gracia que nos impulsa a mirar m\u00e1s all\u00e1 de las dificultades, con la certeza de que la esperanza cristiana no defrauda (Rom 5,5), porque est\u00e1 fundada en la seguridad de que nada ni nadie podr\u00e1 separarnos del amor de Dios.<\/p><p class=\"p1\">En tiempos donde parece que la esperanza se pierde ante el menoscabo del planeta, el debilitamiento de los v\u00ednculos interpersonales y las tensiones en las relaciones internacionales, este jubileo nos invita a <b>ser signos de esperanza<\/b>: mirar con fe, con compromiso y con la convicci\u00f3n de que cada gesto de bondad y justicia construye un mundo m\u00e1s humano, m\u00e1s fraterno y m\u00e1s en paz.<\/p><p class=\"p1\">Mirar m\u00e1s all\u00e1 es educar con los ojos del coraz\u00f3n, capaces de ver la belleza en lo cotidiano, de descubrir la presencia de Dios en cada rostro, en cada gesto, en cada rinc\u00f3n de nuestra escuela. Es tambi\u00e9n una invitaci\u00f3n a ser <b>centinelas de la aurora<\/b>, personas que anuncian con su vida que un nuevo amanecer es posible, que otro mundo es posible.<\/p><p class=\"p1\">Este a\u00f1o, queremos vivir y hacer vida tres valores que nos guiar\u00e1n en este camino:<\/p><p class=\"p1\"><span class=\"s1\">\u2022<\/span> <b>Solidaridad<\/b>, como expresi\u00f3n de comuni\u00f3n y compromiso con los dem\u00e1s, especialmente con los m\u00e1s vulnerables. Porque nadie se realiza solo, y el otro siempre es un regalo. Ser solidarios es aprender a mirar al otro con ternura, con respeto, con compromiso. Es construir comunidad desde la empat\u00eda y el servicio.<\/p><p class=\"p1\"><span class=\"s1\">\u2022<\/span> <b>Escucha<\/b>, como actitud profunda de apertura al otro, al silencio, a la realidad y a la voz de Dios. Escuchar con el coraz\u00f3n transforma nuestras relaciones y nos hacem\u00e1s humanos. Nos invita a detenernos, a estar presentes, a crear espacios de encuentro aut\u00e9ntico.<\/p><p class=\"p1\"><span class=\"s1\">\u2022<\/span> <b>Creatividad transformadora<\/b>, como impulso para imaginar y construir nuevas formas de aprender, de convivir y de servir. Porque educar es tambi\u00e9n crear futuro. Es atrevernos a pensar diferente, a buscar caminos nuevos, a responder con audacia a los desaf\u00edos de nuestro tiempo.<\/p><p class=\"p1\">Nuestra misi\u00f3n sigue siendo clara y vigente: <b>formar buenos cristianos y virtuosos <\/b><b>ciudadanos<\/b>, educando y evangelizando con excelencia, valores e innovaci\u00f3n. Nuestra visi\u00f3n nos impulsa a <b>cultivar el desarrollo integral de la persona<\/b>, a desplegar sus potencialidades y a construir una sociedad m\u00e1s justa, solidaria y fraterna.<\/p><p class=\"p1\">En este curso 2025\u20132026, reafirmamos nuestra identidad marista: <b>somos <\/b><b>educadores con coraz\u00f3n, disc\u00edpulos de Champagnat, sembradores de <\/b><b>esperanza<\/b>. Queremos seguir siendo una comunidad que educa desde el Evangelio, que forma con ternura y firmeza, que acompa\u00f1a con alegr\u00eda y compromiso.<\/p><p class=\"p1\">Que este a\u00f1o sea un tiempo de crecimiento, encuentro y transformaci\u00f3n. Que cada aula, pasillo y patio, cada espacio de nuestro colegio, sea tierra f\u00e9rtil donde florezcan los sue\u00f1os, la fe y la fraternidad.<\/p><p class=\"p1\"><b>\u00a1Que el Se\u00f1or Jes\u00fas, nuestra Buena Madre y San Marcelino nos acompa\u00f1en <\/b><b>en cada paso de este nuevo a\u00f1o escolar!<\/b><\/p>\t\t\t\t\t\t\t\t<\/div>\n\t\t\t\t<\/div>\n\t\t\t\t\t<\/div>\n\t\t<\/div>\n\t\t\t\t\t<\/div>\n\t\t<\/section>\n\t\t\t\t<\/div>\n\t\t","protected":false},"excerpt":{"rendered":"<p>Lema del a\u00f1o Mirando m\u00e1s all\u00e1 Comenzamos este nuevo a\u00f1o escolar con la mirada elevada y el coraz\u00f3n dispuesto, guiados por el lema que nos inspira en este curso: \u201cMirando m\u00e1s all\u00e1\u201d. En el Colegio Marista \u201cEl Salvador\u201d de Manat\u00ed, nos unimos a toda la familia marista en el mundo para vivir este tiempo como [&hellip;]<\/p>\n","protected":false},"author":5,"featured_media":0,"parent":1984,"menu_order":3,"comment_status":"closed","ping_status":"closed","template":"","meta":{"_monsterinsights_skip_tracking":false,"_monsterinsights_sitenote_active":false,"_monsterinsights_sitenote_note":"","_monsterinsights_sitenote_category":0,"footnotes":""},"class_list":["post-4665","page","type-page","status-publish","hentry"],"_links":{"self":[{"href":"https:\/\/maristamanati.org\/home\/wp-json\/wp\/v2\/pages\/4665","targetHints":{"allow":["GET"]}}],"collection":[{"href":"https:\/\/maristamanati.org\/home\/wp-json\/wp\/v2\/pages"}],"about":[{"href":"https:\/\/maristamanati.org\/home\/wp-json\/wp\/v2\/types\/page"}],"author":[{"embeddable":true,"href":"https:\/\/maristamanati.org\/home\/wp-json\/wp\/v2\/users\/5"}],"replies":[{"embeddable":true,"href":"https:\/\/maristamanati.org\/home\/wp-json\/wp\/v2\/comments?post=4665"}],"version-history":[{"count":19,"href":"https:\/\/maristamanati.org\/home\/wp-json\/wp\/v2\/pages\/4665\/revisions"}],"predecessor-version":[{"id":6542,"href":"https:\/\/maristamanati.org\/home\/wp-json\/wp\/v2\/pages\/4665\/revisions\/6542"}],"up":[{"embeddable":true,"href":"https:\/\/maristamanati.org\/home\/wp-json\/wp\/v2\/pages\/1984"}],"wp:attachment":[{"href":"https:\/\/maristamanati.org\/home\/wp-json\/wp\/v2\/media?parent=4665"}],"curies":[{"name":"wp","href":"https:\/\/api.w.org\/{rel}","templated":true}]}}